{"id":26,"date":"2024-02-11T15:14:37","date_gmt":"2024-02-11T14:14:37","guid":{"rendered":"https:\/\/marmotzet.ch\/?page_id=26"},"modified":"2026-03-12T20:36:20","modified_gmt":"2026-03-12T19:36:20","slug":"marmogazette","status":"publish","type":"page","link":"https:\/\/marmotzet.ch\/de\/marmogazette\/","title":{"rendered":"Marmogazette"},"content":{"rendered":"<p>[et_pb_section fb_built= \u00bb1\u2033 _builder_version= \u00bb4.25.0\u2033 _module_preset= \u00bbdefault \u00bb background_color= \u00bbrgba(239,235,220,0.77) \u00bb background_enable_image= \u00bboff \u00bb background_blend= \u00bboverlay \u00bb background_video_mp4= \u00bbhttp:\/\/marmotzet.ch\/wp-content\/uploads\/2024\/02\/test-1.webm \u00bb custom_margin= \u00bb0px||0px||false|false \u00bb custom_padding= \u00bb0px||0px||true|false \u00bb background_last_edited= \u00bbon|phone \u00bb background_image_phone= \u00bbhttps:\/\/marmotzet.ch\/wp-content\/uploads\/2024\/02\/IMG-20221113-WA0004.jpg \u00bb background_enable_image_phone= \u00bbon \u00bb background_enable_video_mp4_phone= \u00bboff \u00bb global_colors_info= \u00bb{} \u00bb][et_pb_row _builder_version= \u00bb4.24.0\u2033 background_color= \u00bbrgba(0,0,0,0.6) \u00bb width= \u00bb100% \u00bb max_width= \u00bb100% \u00bb global_colors_info= \u00bb{} \u00bb][et_pb_column type= \u00bb4_4\u2033 _builder_version= \u00bb4.16\u2033 global_colors_info= \u00bb{} \u00bb][et_pb_text _builder_version= \u00bb4.25.0\u2033 text_font= \u00bb|||||||| \u00bb text_font_size= \u00bb16px \u00bb text_line_height= \u00bb1.8em \u00bb header_font= \u00bb|||||||| \u00bb header_2_font= \u00bbAmatic SC|700||||||| \u00bb header_2_text_color= \u00bb#FFFFFF \u00bb header_2_font_size= \u00bb100px \u00bb header_2_line_height= \u00bb1.2em \u00bb header_3_font= \u00bbAmatic SC|700||||||| \u00bb header_3_text_color= \u00bb#ee6a5b \u00bb header_3_font_size= \u00bb80px \u00bb header_3_line_height= \u00bb1.2em \u00bb custom_margin= \u00bb120px||||false|false \u00bb header_2_font_size_tablet= \u00bb60px \u00bb header_2_font_size_phone= \u00bb56px \u00bb header_2_font_size_last_edited= \u00bbon|phone \u00bb header_3_font_size_tablet= \u00bb60px \u00bb header_3_font_size_phone= \u00bb32px \u00bb header_3_font_size_last_edited= \u00bbon|phone \u00bb locked= \u00bboff \u00bb global_colors_info= \u00bb{} \u00bb]<\/p>\n<h2 style=\"text-align: center;\">Die Marmogazette<\/h2>\n<p>[\/et_pb_text][\/et_pb_column][\/et_pb_row][et_pb_row _builder_version= \u00bb4.24.0\u2033 _module_preset= \u00bbdefault \u00bb background_color= \u00bbrgba(0,0,0,0.6) \u00bb width= \u00bb100% \u00bb max_width= \u00bb100% \u00bb global_colors_info= \u00bb{} \u00bb][et_pb_column type= \u00bb4_4\u2033 _builder_version= \u00bb4.16\u2033 _module_preset= \u00bbdefault \u00bb global_colors_info= \u00bb{} \u00bb][\/et_pb_column][\/et_pb_row][\/et_pb_section][et_pb_section fb_built= \u00bb1\u2033 admin_label= \u00bbFooter \u00bb _builder_version= \u00bb4.24.0\u2033 background_color= \u00bb#EFEBDC \u00bb background_enable_image= \u00bboff \u00bb background_blend= \u00bboverlay \u00bb custom_padding= \u00bb||168px||false|false \u00bb global_colors_info= \u00bb{} \u00bb][et_pb_row column_structure= \u00bb3_5,2_5\u2033 custom_padding_last_edited= \u00bbon|desktop \u00bb _builder_version= \u00bb4.25.0\u2033 background_color= \u00bbRGBA(0,0,0,0) \u00bb background_image= \u00bbhttp:\/\/marmotzet.ch\/wp-content\/uploads\/2024\/02\/dog-walker-11.png \u00bb background_size= \u00bbcontain \u00bb background_position= \u00bbbottom_center \u00bb width_tablet= \u00bb95% \u00bb width_phone= \u00bb90% \u00bb width_last_edited= \u00bbon|desktop \u00bb max_width= \u00bbnone \u00bb module_alignment= \u00bbcenter \u00bb custom_padding= \u00bb0px|10vw|5vw|40px|false|false \u00bb custom_padding_tablet= \u00bb|40px|||false|false \u00bb custom_padding_phone= \u00bb|0px||0px|false|false \u00bb border_radii_tablet= \u00bb|0px||| \u00bb border_radii_last_edited= \u00bboff|tablet \u00bb global_colors_info= \u00bb{} \u00bb][et_pb_column type= \u00bb3_5\u2033 _builder_version= \u00bb4.16\u2033 global_colors_info= \u00bb{} \u00bb][et_pb_image src= \u00bbhttp:\/\/marmotzet.ch\/wp-content\/uploads\/2024\/02\/Titre-marmogazette-3.webp \u00bb title_text= \u00bbTitre-marmogazette-3\u2033 url= \u00bbhttps:\/\/whatsapp.com\/channel\/0029VbBKzqR5Ejy3lzs4Wr1b \u00bb _builder_version= \u00bb4.27.5\u2033 width= \u00bb80% \u00bb width_tablet= \u00bb80% \u00bb width_phone= \u00bb100% \u00bb width_last_edited= \u00bbon|phone \u00bb module_alignment= \u00bbcenter \u00bb custom_margin= \u00bb132px||-15px|-7vw|false|false \u00bb custom_margin_tablet= \u00bb \u00bb custom_margin_phone= \u00bb20px|||0vw|false|false \u00bb custom_margin_last_edited= \u00bbon|desktop \u00bb animation_style= \u00bbslide \u00bb animation_direction= \u00bbleft \u00bb animation_intensity_slide= \u00bb5% \u00bb border_radii= \u00bbon|10px|10px|10px|10px \u00bb box_shadow_style= \u00bbpreset3\u2033 box_shadow_vertical= \u00bb76px \u00bb box_shadow_blur= \u00bb68px \u00bb box_shadow_spread= \u00bb-28px \u00bb box_shadow_color= \u00bbrgba(0,0,0,0.32) \u00bb global_colors_info= \u00bb{} \u00bb][\/et_pb_image][et_pb_button button_url= \u00bbhttps:\/\/whatsapp.com\/channel\/0029VbBKzqR5Ejy3lzs4Wr1b \u00bb button_text= \u00bbTritt dem Kanal Marmogazette auf WhatsApp bei! \u00bb button_alignment= \u00bbcenter \u00bb _builder_version= \u00bb4.27.5\u2033 custom_button= \u00bbon \u00bb button_text_size= \u00bb18px \u00bb button_text_color= \u00bb#FFFFFF \u00bb button_bg_color= \u00bb#588C7F \u00bb button_border_color= \u00bbrgba(0,0,0,0) \u00bb button_border_radius= \u00bb50px \u00bb button_font= \u00bb|700||||||| \u00bb button_icon= \u00bb$||divi||400\u2033 background_layout= \u00bbdark \u00bb custom_padding= \u00bb15px|40px|15px|40px|true|true \u00bb hover_enabled= \u00bb0\u2033 locked= \u00bboff \u00bb global_colors_info= \u00bb{} \u00bb custom_padding_last_edited= \u00bbon|phone \u00bb custom_padding_phone= \u00bb15px|10px|15px|10px|true|true \u00bb sticky_enabled= \u00bb0\u2033 button_text_size_last_edited= \u00bbon|phone \u00bb button_text_size_phone= \u00bb12px \u00bb custom_padding_tablet= \u00bb15px|40px|15px|40px|true|true \u00bb button_text_size_tablet= \u00bb18px \u00bb][\/et_pb_button][\/et_pb_column][et_pb_column type= \u00bb2_5\u2033 _builder_version= \u00bb4.16\u2033 global_colors_info= \u00bb{} \u00bb][et_pb_text _builder_version= \u00bb4.27.5\u2033 text_font= \u00bb|||||||| \u00bb text_font_size= \u00bb18px \u00bb text_line_height= \u00bb1.8em \u00bb link_font= \u00bb||||on|||| \u00bb link_text_color= \u00bb#588C7F \u00bb header_font= \u00bb|||||||| \u00bb header_3_font= \u00bbAmatic SC|700||||||| \u00bb header_3_text_color= \u00bb#588C7F \u00bb header_3_font_size= \u00bb42px \u00bb header_3_line_height= \u00bb1.2em \u00bb custom_margin= \u00bb60px|| \u00bb global_colors_info= \u00bb{} \u00bb]<\/p>\n<h3 data-start=\"146\" data-end=\"223\">Verfolge all meine Abenteuer und vieles mehr dank der <strong data-start=\"196\" data-end=\"216\">\u00ab&quot;Marmogazette&quot;\u00bb<\/strong> ! \ud83d\ude09<\/h3>\n<p data-start=\"225\" data-end=\"306\">Die Marmogazette kann nun direkt auf [Website-Name] gefunden werden. <a href=\"https:\/\/whatsapp.com\/channel\/0029VbBKzqR5Ejy3lzs4Wr1b\" target=\"_blank\" rel=\"noopener\"><strong data-start=\"280\" data-end=\"301\">der WhatsApp-Kanal<\/strong><\/a> \ud83d\udcf1<\/p>\n<p data-start=\"308\" data-end=\"416\">Entdecken Sie die Welt des Wanderns aus der Sicht von <strong data-start=\"370\" data-end=\"383\">Marmotzet<\/strong> Dort findet man regelm\u00e4\u00dfig:<\/p>\n<p data-start=\"418\" data-end=\"571\">- Inhalt <strong data-start=\"433\" data-end=\"449\">mehrsprachig<\/strong><br data-start=\"449\" data-end=\"452\" \/>\u2013 Nachrichten <strong data-start=\"467\" data-end=\"485\">schnell zu lesen<\/strong><br data-start=\"485\" data-end=\"488\" \/>\u2013 <strong data-start=\"490\" data-end=\"540\">Fotos, Ideen, Geschichten, Tipps<\/strong> und viele weitere \u00dcberraschungen!<\/p>\n<p data-start=\"573\" data-end=\"624\"><strong><a href=\"https:\/\/whatsapp.com\/channel\/0029VbBKzqR5Ejy3lzs4Wr1b\" target=\"_blank\" rel=\"noopener\">Schlie\u00df dich dem Kanal an und verpasse kein Abenteuer!<\/a><\/strong> \ud83c\udfd4\ufe0f<\/p>\n<p>[\/et_pb_text][\/et_pb_column][\/et_pb_row][et_pb_row _builder_version= \u00bb4.25.0\u2033 _module_preset= \u00bbdefault \u00bb global_colors_info= \u00bb{} \u00bb][et_pb_column type= \u00bb4_4\u2033 _builder_version= \u00bb4.25.0\u2033 _module_preset= \u00bbdefault \u00bb global_colors_info= \u00bb{} \u00bb][et_pb_code _builder_version= \u00bb4.25.0\u2033 _module_preset= \u00bbdefault \u00bb global_colors_info= \u00bb{} \u00bb]\t\t<div class=\"web-stories-list alignnone is-view-type-circles is-style-default has-title is-carousel\" data-id=\"1\">\n\t\t\t<div\n\t\t\tclass=\"web-stories-list__inner-wrapper carousel-1\"\n\t\t\tstyle=\"--ws-circle-size:150px\"\n\t\t\t>\n\t\t\t\t\t\t\t\t\t<div\n\t\t\t\t\tclass=\"web-stories-list__carousel circles\"\n\t\t\t\t\tdata-id=\"carousel-1\"\n\t\t\t\t\tdata-prev=\"Zur\u00fcck\"\n\t\t\t\t\tdata-next=\"Weiter\"\n\t\t\t\t\t>\n\t\t\t\t\t\t\t\t\t<div\n\t\t\t\tclass=\"web-stories-list__story\"\n\t\t\t\tdata-wp-interactive=\"web-stories-block\"\n\t\t\t\tdata-wp-context='{\"instanceId\":1}'\t\t\t\tdata-wp-on--click=\"actions.open\"\n\t\t\t\tdata-wp-on-window--popstate=\"actions.onPopstate\"\n\t\t\t\t>\n\t\t\t\t\t\t\t<div class=\"web-stories-list__story-poster\">\n\t\t\t\t<a href=\"https:\/\/marmotzet.ch\/de\/web-stories\/4th-edition-jan-feb-2024-2\/\">\n\t\t\t\t\t<img\n\t\t\t\t\t\tsrc=\"https:\/\/marmotzet.ch\/wp-content\/uploads\/2024\/06\/cropped-1.jpg\"\n\t\t\t\t\t\talt=\"4th Edition &#8211; Jan &#038; Feb 2024\"\n\t\t\t\t\t\twidth=\"185\"\n\t\t\t\t\t\theight=\"308\"\n\t\t\t\t\t\t\t\t\t\t\t\t\tsrcset=\"https:\/\/marmotzet.ch\/wp-content\/uploads\/2024\/06\/cropped-1.jpg 640w, https:\/\/marmotzet.ch\/wp-content\/uploads\/2024\/06\/cropped-1-480x640.jpg 480w\"\n\t\t\t\t\t\t\t\t\t\t\t\t\t\t\t\t\t\t\tsizes=\"(min-width: 0px) and (max-width: 480px) 480px, (min-width: 481px) 640px, 100vw\"\n\t\t\t\t\t\t\t\t\t\t\t\tloading=\"lazy\"\n\t\t\t\t\t\tdecoding=\"async\"\n\t\t\t\t\t>\n\t\t\t\t<\/a>\n\t\t\t<\/div>\n\t\t\t\t\t<div class=\"web-stories-list__story-content-overlay\">\n\t\t\t\t\t\t\t<div class=\"story-content-overlay__title\">\n\t\t\t\t\t4. Auflage \u2013 Januar und Februar 2024\t\t\t\t<\/div>\n\t\t\t\n\t\t\t\n\t\t\t\n\t\t\t\t\t<\/div>\n\t\t\t\t\t<\/div>\n\t\t\t\t\t\t<div\n\t\t\t\tclass=\"web-stories-list__story\"\n\t\t\t\tdata-wp-interactive=\"web-stories-block\"\n\t\t\t\tdata-wp-context='{\"instanceId\":1}'\t\t\t\tdata-wp-on--click=\"actions.open\"\n\t\t\t\tdata-wp-on-window--popstate=\"actions.onPopstate\"\n\t\t\t\t>\n\t\t\t\t\t\t\t<div class=\"web-stories-list__story-poster\">\n\t\t\t\t<a href=\"https:\/\/marmotzet.ch\/de\/web-stories\/3rd-edition-nov-dec-2023\/\">\n\t\t\t\t\t<img\n\t\t\t\t\t\tsrc=\"https:\/\/marmotzet.ch\/wp-content\/uploads\/2024\/06\/cropped-1-2.png\"\n\t\t\t\t\t\talt=\"3rd Edition &#8211; Nov &#038; Dec 2023\"\n\t\t\t\t\t\twidth=\"185\"\n\t\t\t\t\t\theight=\"308\"\n\t\t\t\t\t\t\t\t\t\t\t\t\tsrcset=\"https:\/\/marmotzet.ch\/wp-content\/uploads\/2024\/06\/cropped-1-2.png 640w, https:\/\/marmotzet.ch\/wp-content\/uploads\/2024\/06\/cropped-1-2-480x640.png 480w\"\n\t\t\t\t\t\t\t\t\t\t\t\t\t\t\t\t\t\t\tsizes=\"(min-width: 0px) and (max-width: 480px) 480px, (min-width: 481px) 640px, 100vw\"\n\t\t\t\t\t\t\t\t\t\t\t\tloading=\"lazy\"\n\t\t\t\t\t\tdecoding=\"async\"\n\t\t\t\t\t>\n\t\t\t\t<\/a>\n\t\t\t<\/div>\n\t\t\t\t\t<div class=\"web-stories-list__story-content-overlay\">\n\t\t\t\t\t\t\t<div class=\"story-content-overlay__title\">\n\t\t\t\t\t3. Auflage \u2013 November und Dezember 2023\t\t\t\t<\/div>\n\t\t\t\n\t\t\t\n\t\t\t\n\t\t\t\t\t<\/div>\n\t\t\t\t\t<\/div>\n\t\t\t\t\t\t<div\n\t\t\t\tclass=\"web-stories-list__story\"\n\t\t\t\tdata-wp-interactive=\"web-stories-block\"\n\t\t\t\tdata-wp-context='{\"instanceId\":1}'\t\t\t\tdata-wp-on--click=\"actions.open\"\n\t\t\t\tdata-wp-on-window--popstate=\"actions.onPopstate\"\n\t\t\t\t>\n\t\t\t\t\t\t\t<div class=\"web-stories-list__story-poster\">\n\t\t\t\t<a href=\"https:\/\/marmotzet.ch\/de\/web-stories\/2nd-edition-sept-oct-2023\/\">\n\t\t\t\t\t<img\n\t\t\t\t\t\tsrc=\"https:\/\/marmotzet.ch\/wp-content\/uploads\/2024\/06\/cropped-1-1.png\"\n\t\t\t\t\t\talt=\"2nd Edition &#8211; Sept &#038; Oct 2023\"\n\t\t\t\t\t\twidth=\"185\"\n\t\t\t\t\t\theight=\"308\"\n\t\t\t\t\t\t\t\t\t\t\t\t\tsrcset=\"https:\/\/marmotzet.ch\/wp-content\/uploads\/2024\/06\/cropped-1-1.png 640w, https:\/\/marmotzet.ch\/wp-content\/uploads\/2024\/06\/cropped-1-1-480x640.png 480w\"\n\t\t\t\t\t\t\t\t\t\t\t\t\t\t\t\t\t\t\tsizes=\"(min-width: 0px) and (max-width: 480px) 480px, (min-width: 481px) 640px, 100vw\"\n\t\t\t\t\t\t\t\t\t\t\t\tloading=\"lazy\"\n\t\t\t\t\t\tdecoding=\"async\"\n\t\t\t\t\t>\n\t\t\t\t<\/a>\n\t\t\t<\/div>\n\t\t\t\t\t<div class=\"web-stories-list__story-content-overlay\">\n\t\t\t\t\t\t\t<div class=\"story-content-overlay__title\">\n\t\t\t\t\t2. Auflage \u2013 September und Oktober 2023\t\t\t\t<\/div>\n\t\t\t\n\t\t\t\n\t\t\t\n\t\t\t\t\t<\/div>\n\t\t\t\t\t<\/div>\n\t\t\t\t\t\t<div\n\t\t\t\tclass=\"web-stories-list__story\"\n\t\t\t\tdata-wp-interactive=\"web-stories-block\"\n\t\t\t\tdata-wp-context='{\"instanceId\":1}'\t\t\t\tdata-wp-on--click=\"actions.open\"\n\t\t\t\tdata-wp-on-window--popstate=\"actions.onPopstate\"\n\t\t\t\t>\n\t\t\t\t\t\t\t<div class=\"web-stories-list__story-poster\">\n\t\t\t\t<a href=\"https:\/\/marmotzet.ch\/de\/web-stories\/1st-edition-mai-june-2023\/\">\n\t\t\t\t\t<img\n\t\t\t\t\t\tsrc=\"https:\/\/marmotzet.ch\/wp-content\/uploads\/2024\/06\/cropped-1.png\"\n\t\t\t\t\t\talt=\"1st Edition &#8211; Mai &#038; June 2023\"\n\t\t\t\t\t\twidth=\"185\"\n\t\t\t\t\t\theight=\"308\"\n\t\t\t\t\t\t\t\t\t\t\t\t\tsrcset=\"https:\/\/marmotzet.ch\/wp-content\/uploads\/2024\/06\/cropped-1.png 640w, https:\/\/marmotzet.ch\/wp-content\/uploads\/2024\/06\/cropped-1-480x640.png 480w\"\n\t\t\t\t\t\t\t\t\t\t\t\t\t\t\t\t\t\t\tsizes=\"(min-width: 0px) and (max-width: 480px) 480px, (min-width: 481px) 640px, 100vw\"\n\t\t\t\t\t\t\t\t\t\t\t\tloading=\"lazy\"\n\t\t\t\t\t\tdecoding=\"async\"\n\t\t\t\t\t>\n\t\t\t\t<\/a>\n\t\t\t<\/div>\n\t\t\t\t\t<div class=\"web-stories-list__story-content-overlay\">\n\t\t\t\t\t\t\t<div class=\"story-content-overlay__title\">\n\t\t\t\t\t1. Auflage \u2013 Mai und Juni 2023\t\t\t\t<\/div>\n\t\t\t\n\t\t\t\n\t\t\t\n\t\t\t\t\t<\/div>\n\t\t\t\t\t<\/div>\n\t\t\t\t\t\t\t\t<\/div>\n\t\t\t\t\t<div tabindex=\"0\" aria-label=\"Zur\u00fcck\" class=\"glider-prev\"><\/div>\n\t\t\t\t\t<div tabindex=\"0\" aria-label=\"Weiter\" class=\"glider-next\"><\/div>\n\t\t\t\t\t\t\t\t<\/div>\n\t\t<\/div>\n\t\t[\/et_pb_code][\/et_pb_column][\/et_pb_row][\/et_pb_section][et_pb_section fb_built= \u00bb1\u2033 _builder_version= \u00bb4.24.0\u2033 _module_preset= \u00bbdefault \u00bb background_image= \u00bbhttp:\/\/marmotzet.ch\/wp-content\/uploads\/2024\/02\/IMG-20230205-WA0018.jpg \u00bb background_position= \u00bbtop_center \u00bb box_shadow_style= \u00bbpreset1\u2033 global_colors_info= \u00bb{} \u00bb][et_pb_row custom_padding_last_edited= \u00bbon|desktop \u00bb _builder_version= \u00bb4.24.0\u2033 background_color= \u00bb#efebdc \u00bb width= \u00bb70% \u00bb width_tablet= \u00bb95% \u00bb width_phone= \u00bb \u00bb width_last_edited= \u00bbon|desktop \u00bb max_width= \u00bbnone \u00bb module_alignment= \u00bbcenter \u00bb overflow-x= \u00bbvisible \u00bb overflow-y= \u00bbvisible \u00bb custom_margin= \u00bb80px||80px||false|false \u00bb custom_padding= \u00bb60px|7vw|4vw|7vw|false|false \u00bb custom_padding_tablet= \u00bb|40px|||false|false \u00bb custom_padding_phone= \u00bb \u00bb scroll_scaling_enable= \u00bbon \u00bb scroll_scaling= \u00bb0|50|50|100|90%|120%|90% \u00bb border_radii= \u00bbon|200px|200px|200px|200px \u00bb border_radii_tablet= \u00bb|0px||| \u00bb border_radii_phone= \u00bb \u00bb border_radii_last_edited= \u00bbon|tablet \u00bb box_shadow_style= \u00bbpreset1\u2033 global_colors_info= \u00bb{} \u00bb][et_pb_column type= \u00bb4_4\u2033 _builder_version= \u00bb4.16\u2033 global_colors_info= \u00bb{} \u00bb][et_pb_text _builder_version= \u00bb4.25.0\u2033 text_font= \u00bbPoppins|300||||||| \u00bb text_font_size= \u00bb16px \u00bb text_line_height= \u00bb1.8em \u00bb header_font= \u00bb|||||||| \u00bb header_2_font= \u00bbAmatic SC|700||||||| \u00bb header_2_font_size= \u00bb60px \u00bb header_2_line_height= \u00bb1.2em \u00bb text_orientation= \u00bbcenter \u00bb width= \u00bb75% \u00bb width_tablet= \u00bb75% \u00bb width_phone= \u00bb100% \u00bb width_last_edited= \u00bbon|phone \u00bb module_alignment= \u00bbcenter \u00bb header_2_font_size_tablet= \u00bb60px \u00bb header_2_font_size_phone= \u00bb32px \u00bb header_2_font_size_last_edited= \u00bbon|phone \u00bb locked= \u00bboff \u00bb global_colors_info= \u00bb{} \u00bb]<\/p>\n<h2>Sind Sie auf der Suche nach einem ma\u00dfgeschneiderten Abenteuer unter professioneller Anleitung?<\/h2>\n<p>Suchen Sie nicht weiter! Als Bergf\u00fchrer seit Mai 2023 organisiere ich Ihren Ausflug von A bis Z, passe ihn an Ihre W\u00fcnsche und Bed\u00fcrfnisse an, nehme Sie mit auf eine Reise ins Herz der Schweiz und verbringe vor allem einen einzigartigen Moment in guter Gesellschaft.<\/p>\n<p>[\/et_pb_text] Er ist weg! \ud83d\ude0d \u00bb button_alignment= \u00bbcenter \u00bb _builder_version= \u00bb4.25.0\u2033 _dynamic_attributes= \u00bbbutton_url \u00bb custom_button= \u00bbon \u00bb button_text_size= \u00bb18px \u00bb button_text_color= \u00bb#FFFFFF \u00bb button_bg_color= \u00bb#588C7F \u00bb button_border_color= \u00bbrgba(0,0,0, 0) \u00bb button_border_radius= \u00bb50px \u00bb button_font= \u00bb|700||||||| \u00bb button_icon= \u00bb$||divi||400\u2033 background_layout= \u00bbdark \u00bb custom_padding= \u00bb15px|40px|15px|40px|true|true \u00bb global_colors_info= \u00bb{} \u00bb][\/et_pb_button][\/et_pb_column][\/et_pb_row ][\/et_pb_section]<\/p>","protected":false},"excerpt":{"rendered":"<p>Die Marmogazette: Verfolge all meine Abenteuer und vieles mehr mit der \u00abMarmogazette\u00bb! \ud83d\ude09 Jetzt kannst du die Marmogazette direkt auf dem WhatsApp-Kanal entdecken \ud83d\udcf1 Erkunde die Welt des Wanderns durch die Augen von Marmogazette! Dich erwarten regelm\u00e4\u00dfig: \u2013 Mehrsprachige Inhalte \u2013 Kurze Artikel \u2013 [\u2026]<\/p>","protected":false},"author":1,"featured_media":0,"parent":0,"menu_order":0,"comment_status":"closed","ping_status":"closed","template":"","meta":{"_acf_changed":false,"_et_pb_use_builder":"on","_et_pb_old_content":"","_et_gb_content_width":"","footnotes":""},"difl_page_category":[],"class_list":["post-26","page","type-page","status-publish","hentry"],"acf":[],"_links":{"self":[{"href":"https:\/\/marmotzet.ch\/de\/wp-json\/wp\/v2\/pages\/26","targetHints":{"allow":["GET"]}}],"collection":[{"href":"https:\/\/marmotzet.ch\/de\/wp-json\/wp\/v2\/pages"}],"about":[{"href":"https:\/\/marmotzet.ch\/de\/wp-json\/wp\/v2\/types\/page"}],"author":[{"embeddable":true,"href":"https:\/\/marmotzet.ch\/de\/wp-json\/wp\/v2\/users\/1"}],"replies":[{"embeddable":true,"href":"https:\/\/marmotzet.ch\/de\/wp-json\/wp\/v2\/comments?post=26"}],"version-history":[{"count":24,"href":"https:\/\/marmotzet.ch\/de\/wp-json\/wp\/v2\/pages\/26\/revisions"}],"predecessor-version":[{"id":1459,"href":"https:\/\/marmotzet.ch\/de\/wp-json\/wp\/v2\/pages\/26\/revisions\/1459"}],"wp:attachment":[{"href":"https:\/\/marmotzet.ch\/de\/wp-json\/wp\/v2\/media?parent=26"}],"wp:term":[{"taxonomy":"difl_page_category","embeddable":true,"href":"https:\/\/marmotzet.ch\/de\/wp-json\/wp\/v2\/difl_page_category?post=26"}],"curies":[{"name":"wp","href":"https:\/\/api.w.org\/{rel}","templated":true}]}}