{"id":16,"date":"2024-02-11T15:13:44","date_gmt":"2024-02-11T14:13:44","guid":{"rendered":"https:\/\/marmotzet.ch\/?page_id=16"},"modified":"2026-04-17T15:56:45","modified_gmt":"2026-04-17T13:56:45","slug":"qui-est-marmotzet","status":"publish","type":"page","link":"https:\/\/marmotzet.ch\/de\/qui-est-marmotzet\/","title":{"rendered":"Wer ist Marmotzet?"},"content":{"rendered":"<p>[et_pb_section fb_built= \u00bb1\u2033 admin_label= \u00bbServices \u00bb module_id= \u00bbadilia \u00bb _builder_version= \u00bb4.24.2\u2033 use_background_color_gradient= \u00bbon \u00bb background_color_gradient_stops= \u00bbrgba(255,255,255,0.83) 0%|#faf9f4 100% \u00bb background_color_gradient_start= \u00bb#ffffff \u00bb background_color_gradient_end= \u00bb#faf9f4\u2033 background_image= \u00bbhttps:\/\/marmotzet.ch\/wp-content\/uploads\/2024\/02\/dog-walker-10-3.png \u00bb background_size= \u00bbinitial \u00bb background_position= \u00bbbottom_center \u00bb background_blend= \u00bboverlay \u00bb custom_padding= \u00bb40px||40px||true|false \u00bb global_colors_info= \u00bb{} \u00bb][et_pb_row column_structure= \u00bb1_2,1_2\u2033 _builder_version= \u00bb4.25.0\u2033 width_tablet= \u00bb \u00bb width_phone= \u00bb86% \u00bb width_last_edited= \u00bbon|phone \u00bb global_colors_info= \u00bb{} \u00bb][et_pb_column type= \u00bb1_2\u2033 _builder_version= \u00bb4.16\u2033 global_colors_info= \u00bb{} \u00bb admin_label= \u00bbSpalte \u00bb][et_pb_image src= \u00bbhttps:\/\/marmotzet.ch\/wp-content\/uploads\/2026\/04\/Design-sans-titre-1.png \u00bb title_text= \u00bbDesign ohne Titel \u00bb align_tablet= \u00bbcenter \u00bb align_phone= \u00bbcenter \u00bb align_last_edited= \u00bbon|tablet \u00bb _builder_version= \u00bb4.27.5\u2033 transform_scale= \u00bb120%|120% \u00bb transform_scale_tablet= \u00bb120%|120% \u00bb transform_scale_phone= \u00bb100%|100% \u00bb transform_scale_last_edited= \u00bbon|phone \u00bb transform_translate_tablet= \u00bb \u00bb transform_translate_phone= \u00bb \u00bb transform_translate_last_edited= \u00bbon|phone \u00bb transform_rotate_tablet= \u00bb \u00bb transform_rotate_phone= \u00bb \u00bb transform_rotate_last_edited= \u00bbon|phone \u00bb transform_skew_tablet= \u00bb \u00bb transform_skew_phone= \u00bb \u00bb transform_skew_last_edited= \u00bbon|phone \u00bb transform_origin_tablet= \u00bb \u00bb transform_origin_phone= \u00bb \u00bb transform_origin_last_edited=\u00bbon|phone\u00bb transform_styles_last_edited= \u00bbon|phone \u00bb width= \u00bb100% \u00bb max_width_tablet= \u00bb400px \u00bb max_width_phone= \u00bb \u00bb max_width_last_edited= \u00bbon|desktop \u00bb custom_margin= \u00bb3vw|||-5vw|false|false \u00bb transform_styles_tablet= \u00bb \u00bb transform_styles_phone= \u00bb \u00bb module_alignment_tablet= \u00bbcenter \u00bb module_alignment_phone= \u00bbcenter \u00bb module_alignment_last_edited= \u00bbon|tablet \u00bb border_radii= \u00bbon|15px|15px|15px|15px \u00bb global_colors_info= \u00bb{} \u00bb admin_label= \u00bbImage \u00bb][\/et_pb_image][\/et_pb_column][et_pb_column type= \u00bb1_2\u2033 _builder_version= \u00bb4.16\u2033 global_colors_info= \u00bb{} \u00bb][et_pb_text _builder_version= \u00bb4.25.0\u2033 text_font= \u00bb|||||||| \u00bb text_font_size= \u00bb16px \u00bb text_line_height= \u00bb1.8em \u00bb header_font= \u00bb|||||||| \u00bb header_2_font= \u00bbAmatic SC|700||||||| \u00bb header_2_font_size= \u00bb65px \u00bb header_2_line_height= \u00bb1.2em \u00bb header_3_font= \u00bbAmatic SC|700||||||| \u00bb header_3_text_color= \u00bb#ee6a5b \u00bb header_3_font_size= \u00bb80px \u00bb header_3_line_height= \u00bb1.2em \u00bb custom_margin= \u00bb38px||50px||false|false \u00bb header_2_font_size_tablet= \u00bb60px \u00bb header_2_font_size_phone= \u00bb38px \u00bb header_2_font_size_last_edited= \u00bbon|phone \u00bb header_3_font_size_tablet= \u00bb60px \u00bb header_3_font_size_phone= \u00bb32px \u00bb header_3_font_size_last_edited= \u00bbon|phone \u00bb locked= \u00bboff \u00bb global_colors_info= \u00bb{} \u00bb admin_label= \u00bbText \u00bb]<\/p>\n<h2>Hallo! Mein Name ist Adilia.<\/h2>\n<p>[\/et_pb_text][et_pb_text _builder_version= \u00bb4.27.5\u2033 text_font= \u00bbPoppins|300||||||| \u00bb text_font_size= \u00bb18px \u00bb text_line_height= \u00bb1.8em \u00bb header_font= \u00bb|||||||| \u00bb header_3_font= \u00bbAmatic SC|700||||||| \u00bb header_3_font_size= \u00bb40px \u00bb header_3_line_height= \u00bb1.2em \u00bb custom_margin= \u00bb-45px||30px||false|false \u00bb hover_enabled= \u00bb0\u2033 locked= \u00bboff \u00bb global_colors_info= \u00bb{} \u00bb text_text_align_tablet= \u00bbcenter \u00bb text_text_align_last_edited= \u00bbon|tablet \u00bb text_text_align_phone= \u00bbcenter \u00bb sticky_enabled= \u00bb0\u2033]<\/p>\n<p><span>Mit <strong>Murmeltier<\/strong>, Ich unterst\u00fctze alle, die die Schweiz auf eine andere Art erleben m\u00f6chten. \ud83e\udd7e<\/span><\/p>\n<p>\ud83d\udccd <strong>Ich lebe<\/strong> In Thun, Schweiz<\/p>\n<p><span>\ud83d\udcac <strong>ICH SPRECHE<\/strong> Franz\u00f6sisch, Deutsch, Englisch, Japanisch, Grundkenntnisse in Mandarin<\/span><\/p>\n<p><span>\ud83c\udf93 <strong>ZERTIFIZIERUNGEN<br \/><\/strong><\/span><span>\u2013 Bergf\u00fchrerausbildung (2021-2023)<br \/>\u2013 Bachelor-Abschluss in Hotelmanagement (2018)<\/span><\/p>\n<p><span>\ud83c\udfd4\ufe0f <strong>LIEBLINGSORTE<br \/><\/strong><\/span><span>\u2013 Lobhornh\u00fctte (BE)<br \/>\u2013 Mount Tonodake \u5854\u30ce\u5cb3 (Japan)<br \/><\/span><\/p>\n<p><span>\ud83d\udc9a <strong>UND MEHR\u2026<\/strong>\u00a0 Wetterph\u00e4nomene, V\u00f6gel, Reisen, Brettspiele, Snowboarden, Klavier, Tauchen, Klettern<\/span><\/p>\n<p>[\/et_pb_text][et_pb_button button_url= \u00bb#story \u00bb button_text= \u00bbM\u00f6chten Sie mehr erfahren? \u00bb _builder_version= \u00bb4.25.0\u2033 custom_button= \u00bbon \u00bb button_text_size= \u00bb18px \u00bb button_text_color= \u00bb#FDFDFC \u00bb button_bg_color= \u00bb#588C7F \u00bb button_border_color= \u00bbrgba(0,0,0,0) \u00bb button_border_radius= \u00bb50px \u00bb button_font= \u00bb|700||||||| \u00bb button_icon= \u00bb$||divi||400\u2033 background_layout= \u00bbdark \u00bb custom_padding= \u00bb15px|40px|15px|40px|true|true \u00bb button_text_size_tablet= \u00bb18px \u00bb button_text_size_phone= \u00bb14px \u00bb button_text_size_last_edited= \u00bbon|phone \u00bb locked= \u00bboff \u00bb global_colors_info= \u00bb{} \u00bb][\/et_pb_button][\/et_pb_column][\/et_pb_row][\/et_pb_section][et_pb_section fb_built= \u00bb1\u2033 _builder_version= \u00bb4.24.0\u2033 _module_preset= \u00bbdefault \u00bb background_color= \u00bb#EFEBDC \u00bb background_image= \u00bbhttp:\/\/marmotzet.ch\/wp-content\/uploads\/2024\/02\/dog-walker-13.png \u00bb background_size= \u00bbcontain \u00bb locked= \u00bboff \u00bb global_colors_info= \u00bb{} \u00bb][et_pb_row column_structure= \u00bb1_4,1_4,1_4,1_4\u2033 _builder_version= \u00bb4.24.0\u2033 _module_preset= \u00bbdefault \u00bb max_width= \u00bb1920px \u00bb global_colors_info= \u00bb{} \u00bb][et_pb_column type= \u00bb1_4\u2033 _builder_version= \u00bb4.24.0\u2033 _module_preset= \u00bbdefault \u00bb global_colors_info= \u00bb{} \u00bb][et_pb_image src= \u00bbhttps:\/\/marmotzet.ch\/wp-content\/uploads\/2024\/05\/sco-4.webp \u00bb title_text= \u00bbsco-4\u2033 _builder_version= \u00bb4.25.0\u2033 _module_preset= \u00bbdefault \u00bb transform_rotate= \u00bb0deg|0deg|344deg \u00bb width= \u00bb66% \u00bb scroll_rotating_enable= \u00bbon \u00bb scroll_rotating= \u00bb0|50|50|100|10\u00b0|0|-10\u00b0 \u00bb global_colors_info= \u00bb{} \u00bb][\/et_pb_image][\/et_pb_column][et_pb_column type= \u00bb1_4\u2033 _builder_version= \u00bb4.24.0\u2033 _module_preset= \u00bbdefault \u00bb global_colors_info= \u00bb{} \u00bb][et_pb_image src= \u00bbhttps:\/\/marmotzet.ch\/wp-content\/uploads\/2024\/05\/sco-1.webp \u00bb title_text= \u00bbsco-1\u2033 _builder_version= \u00bb4.25.0\u2033 _module_preset= \u00bbdefault \u00bb transform_scale= \u00bb122%|122% \u00bb transform_rotate= \u00bb0deg|0deg|5deg \u00bb width= \u00bb100% \u00bb module_alignment= \u00bbleft \u00bb scroll_rotating_enable= \u00bbon \u00bb scroll_rotating= \u00bb0|50|50|100|-10\u00b0|0|10\u00b0 \u00bb global_colors_info= \u00bb{} \u00bb][\/et_pb_image][\/et_pb_column][et_pb_column type= \u00bb1_4\u2033 _builder_version= \u00bb4.24.0\u2033 _module_preset= \u00bbdefault \u00bb global_colors_info= \u00bb{} \u00bb][et_pb_image src= \u00bbhttps:\/\/marmotzet.ch\/wp-content\/uploads\/2024\/05\/sco-5.webp \u00bb title_text= \u00bbsco-5\u2033 disabled_on= \u00bbon|off|off \u00bb _builder_version= \u00bb4.25.0\u2033 _module_preset= \u00bbdefault \u00bb transform_rotate= \u00bb0deg|0deg|352deg \u00bb width= \u00bb60% \u00bb custom_margin= \u00bb|||33px|false|false \u00bb scroll_rotating_enable= \u00bbon \u00bb scroll_rotating= \u00bb0|50|50|100|10\u00b0|0|-10\u00b0 \u00bb global_colors_info= \u00bb{} \u00bb][\/et_pb_image][\/et_pb_column][et_pb_column type= \u00bb1_4\u2033 _builder_version= \u00bb4.24.0\u2033 _module_preset= \u00bbdefault \u00bb global_colors_info= \u00bb{} \u00bb][et_pb_image src= \u00bbhttps:\/\/marmotzet.ch\/wp-content\/uploads\/2024\/05\/sco-2.webp \u00bb title_text= \u00bbsco-2\u2033 _builder_version= \u00bb4.25.0\u2033 _module_preset= \u00bbdefault \u00bb transform_scale= \u00bb140%|140% \u00bb transform_rotate= \u00bb0deg|0deg|9deg \u00bb width= \u00bb100% \u00bb scroll_rotating_enable= \u00bbon \u00bb scroll_rotating= \u00bb0|50|50|100|-10\u00b0|0|10\u00b0 \u00bb global_colors_info= \u00bb{} \u00bb][\/et_pb_image][\/et_pb_column][\/et_pb_row][\/et_pb_section][et_pb_section fb_built= \u00bb1\u2033 module_id= \u00bbstory \u00bb _builder_version= \u00bb4.25.0\u2033 _module_preset= \u00bbdefault \u00bb background_enable_image= \u00bboff \u00bb background_size= \u00bbcontain \u00bb custom_padding= \u00bb70px||15px||| \u00bb global_colors_info= \u00bb{} \u00bb][et_pb_row _builder_version= \u00bb4.27.5\u2033 _module_preset= \u00bbdefault \u00bb custom_margin= \u00bb|auto|40px|auto|| \u00bb hover_enabled= \u00bb0\u2033 global_colors_info= \u00bb{} \u00bb sticky_enabled= \u00bb0\u2033][et_pb_column type= \u00bb4_4\u2033 _builder_version= \u00bb4.25.0\u2033 _module_preset= \u00bbdefault \u00bb global_colors_info= \u00bb{} \u00bb][et_pb_text _builder_version= \u00bb4.25.0\u2033 _module_preset= \u00bbdefault \u00bb header_2_font= \u00bbAmatic SC|700||||||| \u00bb header_2_font_size= \u00bb58px \u00bb custom_margin= \u00bb|||15px|false|false \u00bb custom_margin_tablet= \u00bb|||15px|false|false \u00bb custom_margin_phone= \u00bb|||0px|false|false \u00bb custom_margin_last_edited= \u00bbon|phone \u00bb global_colors_info= \u00bb{} \u00bb]<\/p>\n<h2>Meine Geschichte<\/h2>\n<p>[\/et_pb_text][et_pb_text _builder_version= \u00bb4.27.5\u2033 _module_preset= \u00bbdefault \u00bb text_font= \u00bbPoppins|300||||||| \u00bb text_font_size= \u00bb18px \u00bb text_orientation= \u00bbjustified \u00bb hover_enabled= \u00bb0\u2033 global_colors_info= \u00bb{} \u00bb sticky_enabled= \u00bb0\u2033 admin_label= \u00bbText \u00bb]<\/p>\n<p>Geboren in Moutier in einer Familie, die die Leidenschaft f\u00fcr Skifahren und die Berge teilt, wuchs ich im Rhythmus verschneiter Pisten, Radtouren und Campingn\u00e4chte auf. Schon fr\u00fch pr\u00e4gte mich die Abenteuerlust und die Liebe zur Natur.<\/p>\n<p>Dann f\u00fchrte mich das Leben woanders hin. Zuerst zur Musik \u2013 Klavier und Gesang \u2013 dann nach Japan, wo ich 2013 und 2015 lebte. Ich wohnte dort bei einer Gastfamilie, lernte die Sprache, arbeitete eine Zeit lang und bestieg den Gipfel des Fuji.<\/p>\n<p>Nach meinem Studium in Lausanne zog ich 2018 mit meinem Partner nach Asien. Unsere Reise f\u00fchrte uns nach Taipeh, wo ich in der Hotelbranche arbeitete. Doch es waren die Wanderungen und die Begegnungen, die meine Zeit dort wirklich pr\u00e4gten.<\/p>\n<p>Mitten in Taitung, zwischen wilden Bergen, hei\u00dfen Quellen und steilen Pfaden, entstand die Idee zu Marmotzet. Ein wahrhaft unvergesslicher Ausflug.<\/p>\n<p>Zur\u00fcck in der Schweiz beschloss ich, diese Inspiration in ein konkretes Projekt umzusetzen. Ich absolvierte eine Ausbildung zum Bergf\u00fchrer (ASGM, 2021\u20132023) und gr\u00fcndete offiziell marmotzet am 16. April 2023.<\/p>\n<p>Heute m\u00f6chte ich wiederum mein Land so vorstellen, wie ich es anderswo erlebt habe: durch authentische, menschliche und intensive Erlebnisse.<\/p>\n<p>Ich w\u00e4hlte das Murmeltier \u2013 und sein B\u00fcndel \u2013 als Symbol f\u00fcr das Reisen und den Carnotzet f\u00fcr den Geist der Geselligkeit und des Teilens.<\/p>\n<p>Mein Ziel: Ausfl\u00fcge von A bis Z zu organisieren, die auf Ihre W\u00fcnsche zugeschnitten sind, um Ihnen die Schweiz auf eine andere Art und Weise n\u00e4herzubringen \u2013 durch ihre Landschaften, ihre Geschichte und ihre Traditionen.<\/p>\n<p>Und vor allem, um einen einzigartigen Moment mit Ihnen zu teilen.<\/p>\n<p>Bis ganz bald!,<\/p>\n<p>Adilia<\/p>\n<p>[\/et_pb_text] background_blend= \u00bboverlay \u00bb background_video_mp4= \u00bbhttp:\/\/marmotzet.ch\/wp-content\/uploads\/2024\/02\/test-1.webm \u00bb custom_margin= \u00bb0px||0px||false|false \u00bb custom_padding= \u00bb0px||0px||true|false \u00bb hover_enabled= \u00bb0\u2033 background_last_edited= \u00bbon|phone \u00bb background_image_phone= \u00bbhttps:\/\/marmotzet.ch\/wp-content\/uploads\/2024\/06\/7affcd27-3f3b-4c12-9c97-eff49d970f00.jpeg \u00bb background_enable_image_phone= \u00bbon \u00bb background_enable_video_mp4_phone= \u00bboff \u00bb global_colors_info= \u00bb{} \u00bb sticky_enabled= \u00bb0\u2033 title_text= \u00bb7affcd27-3f3b-4c12-9c97-eff49d970f00\u2033 background_position_phone= \u00bbtop_right \u00bb background_color_phone= \u00bbRGBA(255,255,255,0) \u00bb background_enable_color_phone= \u00bbon \u00bb][et_pb_row _builder_version= \u00bb4.24.0\u2033 background_color= \u00bbrgba(0,0,0,0.6) \u00bb width= \u00bb100% \u00bb max_width= \u00bb100% \u00bb global_colors_info= \u00bb{} \u00bb][et_pb_column type= \u00bb4_4\u2033 _builder_version= \u00bb4.16\u2033 global_colors_info= \u00bb{} \u00bb][et_pb_text _builder_version= \u00bb4.27.5\u2033 text_font= \u00bb|||||||| \u00bb text_font_size= \u00bb16px \u00bb text_line_height= \u00bb1.8em \u00bb header_font= \u00bb|||||||| \u00bb header_2_font= \u00bbAmatic SC|700||||||| \u00bb header_2_text_color= \u00bb#FFFFFF \u00bb header_2_font_size= \u00bb80px \u00bb header_2_line_height= \u00bb1.2em \u00bb header_3_font= \u00bbAmatic SC|700||||||| \u00bb header_3_text_color= \u00bb#ee6a5b \u00bb header_3_font_size= \u00bb80px \u00bb header_3_line_height= \u00bb1.2em \u00bb custom_margin= \u00bb99px||||false|false \u00bb hover_enabled= \u00bb0\u2033 header_2_font_size_tablet= \u00bb60px \u00bb header_2_font_size_phone= \u00bb33px \u00bb header_2_font_size_last_edited= \u00bbon|phone \u00bb header_3_font_size_tablet= \u00bb60px \u00bb header_3_font_size_phone= \u00bb32px \u00bb header_3_font_size_last_edited= \u00bbon|phone \u00bb locked= \u00bboff \u00bb global_colors_info= \u00bb{} \u00bb sticky_enabled= \u00bb0\u2033]<\/p>\n<h2 style=\"text-align: center;\">Fotozusammenfassung<\/h2>\n<p>[\/et_pb_text][\/et_pb_column][\/et_pb_row][et_pb_row custom_padding_last_edited= \u00bbon|tablet \u00bb _builder_version= \u00bb4.25.0\u2033 _module_preset= \u00bbdefault \u00bb background_color= \u00bbrgba(0,0,0,0.6) \u00bb width= \u00bb100% \u00bb width_tablet= \u00bb100% \u00bb width_phone= \u00bb100% \u00bb width_last_edited= \u00bbon|tablet \u00bb max_width= \u00bb100% \u00bb custom_padding_tablet= \u00bb|56px||56px|false|true \u00bb custom_padding_phone= \u00bb|35px||35px|false|true \u00bb global_colors_info= \u00bb{} \u00bb admin_label= \u00bbLine \u00bb][et_pb_column type= \u00bb4_4\u2033 _builder_version= \u00bb4.16\u2033 _module_preset= \u00bbdefault \u00bb global_colors_info= \u00bb{} \u00bb admin_label= \u00bbColumn \u00bb][et_pb_text _builder_version= \u00bb4.27.5\u2033 _module_preset= \u00bbdefault \u00bb text_font= \u00bbPoppins|200||||||| \u00bb text_text_color= \u00bb#FFFFFF \u00bb text_font_size= \u00bb20px \u00bb text_line_height= \u00bb1.5em \u00bb width= \u00bb60% \u00bb width_tablet= \u00bb60% \u00bb width_phone= \u00bb100% \u00bb width_last_edited= \u00bbon|phone \u00bb max_width_last_edited= \u00bboff|phone \u00bb module_alignment= \u00bbcenter \u00bb custom_margin= \u00bb-35px||||false|false \u00bb hover_enabled= \u00bb0\u2033 text_font_size_tablet= \u00bb20px \u00bb text_font_size_phone= \u00bb16px \u00bb text_font_size_last_edited= \u00bbon|phone \u00bb text_text_shadow_style= \u00bbpreset2\u2033 global_colors_info= \u00bb{} \u00bb sticky_enabled= \u00bb0\u2033]<\/p>\n<div class=\"et_pb_module et_pb_text et_pb_text_7  et_pb_text_align_left et_pb_bg_layout_light\">\n<div class=\"et_pb_text_inner\">\n<p style=\"text-align: center;\"><em>Bei Sonnenaufgang wandern, Wildtierspuren folgen, die reine Bergluft einatmen, lokale Traditionen entdecken\u2026 Jeder Ausflug wird zu einem unvergesslichen Erlebnis.<\/em><\/p>\n<p style=\"text-align: center;\"><em>Entdecken Sie einige davon in Bildern.<\/em><\/p>\n<\/div>\n<\/div>\n<p>[\/et_pb_text] button_text= \u00bbEntdecke die Galerie \ud83d\udcf8 \u00bb button_alignment= \u00bbcenter \u00bb _builder_version= \u00bb4.27.5\u2033 _dynamic_attributes= \u00bbbutton_url \u00bb custom_button= \u00bbon \u00bb button_text_size= \u00bb18px \u00bb button_bg_color= \u00bb#588C7F \u00bb button_border_color= \u00bbrgba(0,0,0,0) \u00bb button_border_radius=\u00bb50px\u00bb button_font=&quot;|700||||||| \u00bb button_icon= \u00bb$||divi||400\u2033 background_layout= \u00bbdark \u00bb custom_margin= \u00bb||116px||false|false \u00bb custom_padding= \u00bb15px|40px|15px|40px|true|true \u00bb hover_enabled= \u00bb0\u2033 button_text_size_tablet= \u00bb18px \u00bb button_text_size_phone= \u00bb14px \u00bb button_text_size_last_edited= \u00bbon|phone \u00bb global_colors_info= \u00bb{} \u00bb admin_label= \u00bbButton \u00bb sticky_enabled= \u00bb0\u2033][\/et_pb_button][\/et_pb_column][\/et_pb_row][\/et_pb_section][et_pb_section fb_built= \u00bb1\u2033 _builder_version= \u00bb4.24.0\u2033 _module_preset= \u00bbdefault \u00bb use_background_color_gradient= \u00bbon \u00bb background_color_gradient_stops= \u00bb#efebdc 0%|#fdfdfc 50%|#efebdc 100% \u00bb background_enable_image= \u00bboff \u00bb background_position= \u00bbtop_center \u00bb box_shadow_style= \u00bbpreset1\u2033 global_colors_info= \u00bb{} \u00bb][et_pb_row custom_padding_last_edited= \u00bbon|desktop \u00bb _builder_version= \u00bb4.25.0\u2033 background_color= \u00bb#efebdc \u00bb width= \u00bb70% \u00bb width_tablet= \u00bb95% \u00bb width_phone= \u00bb \u00bb width_last_edited= \u00bbon|desktop \u00bb max_width= \u00bbnone \u00bb module_alignment= \u00bbcenter \u00bb overflow-x= \u00bbvisible \u00bb overflow-y= \u00bbvisible \u00bb custom_margin= \u00bb80px||80px||false|false \u00bb custom_padding= \u00bb60px|7vw|4vw|7vw|false|false \u00bb custom_padding_tablet= \u00bb|40px|8vw||false|false \u00bb custom_padding_phone= \u00bb \u00bb scroll_scaling_enable= \u00bbon \u00bb scroll_scaling= \u00bb0|50|50|100|90%|120%|90% \u00bb border_radii= \u00bbon|200px|200px|200px|200px \u00bb border_radii_tablet= \u00bb|0px||| \u00bb border_radii_phone= \u00bb \u00bb border_radii_last_edited= \u00bbon|tablet \u00bb box_shadow_style= \u00bbpreset1\u2033 global_colors_info= \u00bb{} \u00bb][et_pb_column type= \u00bb4_4\u2033 _builder_version= \u00bb4.16\u2033 global_colors_info= \u00bb{} \u00bb][et_pb_text _builder_version= \u00bb4.27.5\u2033 text_font= \u00bbPoppins|300||||||| \u00bb text_font_size= \u00bb16px \u00bb text_line_height= \u00bb1.8em \u00bb header_font= \u00bb|||||||| \u00bb header_2_font= \u00bbAmatic SC|700||||||| \u00bb header_2_font_size= \u00bb60px \u00bb header_2_line_height= \u00bb1.2em \u00bb text_orientation= \u00bbcenter \u00bb width= \u00bb75% \u00bb width_tablet= \u00bb75% \u00bb width_phone= \u00bb100% \u00bb width_last_edited= \u00bbon|phone \u00bb module_alignment= \u00bbcenter \u00bb hover_enabled= \u00bb0\u2033 header_2_font_size_tablet= \u00bb60px \u00bb header_2_font_size_phone= \u00bb38px \u00bb header_2_font_size_last_edited= \u00bbon|phone \u00bb locked= \u00bboff \u00bb global_colors_info= \u00bb{} \u00bb sticky_enabled= \u00bb0\u2033]<\/p>\n<h2>Lust auf ein ma\u00dfgeschneidertes Abenteuer unter professioneller F\u00fchrung?<\/h2>\n<p><span>Als Wanderf\u00fchrer seit 2023 gestalte ich f\u00fcr Sie einzigartige Erlebnisse, die auf Ihre W\u00fcnsche und Ihr Tempo zugeschnitten sind.<\/span><br \/><span>Lasst uns gemeinsam aufbrechen, um ein St\u00fcck authentischer Schweiz zu entdecken und einen unvergesslichen Moment zu erleben.<\/span><\/p>\n<p>[\/et_pb_text] Er ist weg! \ud83d\ude0d \u00bb button_alignment= \u00bbcenter \u00bb _builder_version= \u00bb4.25.0\u2033 _dynamic_attributes= \u00bbbutton_url \u00bb custom_button= \u00bbon \u00bb button_text_size= \u00bb18px \u00bb button_text_color= \u00bb#FFFFFF \u00bb button_bg_color= \u00bb#588C7F \u00bb button_border_color= \u00bbrgba(0,0,0, 0) \u00bb button_border_radius= \u00bb50px \u00bb button_font= \u00bb|700||||||| \u00bb button_icon= \u00bb$||divi||400\u2033 background_layout= \u00bbdark \u00bb custom_padding= \u00bb15px|40px|15px|40px|true|true \u00bb global_colors_info= \u00bb{} \u00bb][\/et_pb_button][\/et_pb_column][\/et_pb_row ][\/et_pb_section]<\/p>","protected":false},"excerpt":{"rendered":"<p>Hallo! Ich bin Adilia. Mit marmotzet zeige ich allen, die die Schweiz einmal anders erleben m\u00f6chten. \ud83e\udd7e \ud83d\udccd Ich lebe in Thun, Schweiz. \ud83d\udcac Ich spreche Franz\u00f6sisch, Deutsch, Englisch, Japanisch und habe Grundkenntnisse in Mandarin. \ud83c\udf93 Zertifizierungen: - Bergf\u00fchrerausbildung (2021\u20132023) - Bachelor in Hotelmanagement (2018) \ud83c\udfd4\ufe0f Meine Lieblingsorte: - Lobhornh\u00fctte (BE) - Mont Tonodake [\u2026]<\/p>","protected":false},"author":1,"featured_media":0,"parent":0,"menu_order":0,"comment_status":"closed","ping_status":"closed","template":"","meta":{"_acf_changed":false,"_et_pb_use_builder":"on","_et_pb_old_content":"","_et_gb_content_width":"","footnotes":""},"difl_page_category":[],"class_list":["post-16","page","type-page","status-publish","hentry"],"acf":[],"_links":{"self":[{"href":"https:\/\/marmotzet.ch\/de\/wp-json\/wp\/v2\/pages\/16","targetHints":{"allow":["GET"]}}],"collection":[{"href":"https:\/\/marmotzet.ch\/de\/wp-json\/wp\/v2\/pages"}],"about":[{"href":"https:\/\/marmotzet.ch\/de\/wp-json\/wp\/v2\/types\/page"}],"author":[{"embeddable":true,"href":"https:\/\/marmotzet.ch\/de\/wp-json\/wp\/v2\/users\/1"}],"replies":[{"embeddable":true,"href":"https:\/\/marmotzet.ch\/de\/wp-json\/wp\/v2\/comments?post=16"}],"version-history":[{"count":33,"href":"https:\/\/marmotzet.ch\/de\/wp-json\/wp\/v2\/pages\/16\/revisions"}],"predecessor-version":[{"id":1658,"href":"https:\/\/marmotzet.ch\/de\/wp-json\/wp\/v2\/pages\/16\/revisions\/1658"}],"wp:attachment":[{"href":"https:\/\/marmotzet.ch\/de\/wp-json\/wp\/v2\/media?parent=16"}],"wp:term":[{"taxonomy":"difl_page_category","embeddable":true,"href":"https:\/\/marmotzet.ch\/de\/wp-json\/wp\/v2\/difl_page_category?post=16"}],"curies":[{"name":"wp","href":"https:\/\/api.w.org\/{rel}","templated":true}]}}