{"id":14,"date":"2024-02-11T15:13:29","date_gmt":"2024-02-11T14:13:29","guid":{"rendered":"https:\/\/marmotzet.ch\/?page_id=14"},"modified":"2026-04-17T16:02:06","modified_gmt":"2026-04-17T14:02:06","slug":"galerie","status":"publish","type":"page","link":"https:\/\/marmotzet.ch\/de\/galerie\/","title":{"rendered":"Galerie"},"content":{"rendered":"<p>[et_pb_section fb_built= \u00bb1\u2033 _builder_version= \u00bb4.27.5\u2033 _module_preset= \u00bbdefault \u00bb background_color= \u00bbrgba(239,235,220,0.77) \u00bb background_enable_image= \u00bboff \u00bb background_blend= \u00bboverlay \u00bb background_video_mp4= \u00bbhttp:\/\/marmotzet.ch\/wp-content\/uploads\/2024\/02\/test-1.webm \u00bb custom_margin= \u00bb0px||0px||false|false \u00bb custom_padding= \u00bb0px||0px||true|false \u00bb hover_enabled= \u00bb0\u2033 background_last_edited= \u00bbon|phone \u00bb background_image_phone= \u00bbhttps:\/\/marmotzet.ch\/wp-content\/uploads\/2024\/06\/7affcd27-3f3b-4c12-9c97-eff49d970f00.jpeg \u00bb background_enable_image_phone= \u00bbon \u00bb background_enable_video_mp4_phone= \u00bboff \u00bb global_colors_info= \u00bb{} \u00bb sticky_enabled= \u00bb0\u2033 title_text= \u00bb7affcd27-3f3b-4c12-9c97-eff49d970f00\u2033 background_position_phone= \u00bbtop_left \u00bb background_color_phone= \u00bbRGBA(255,255,255,0) \u00bb background_enable_color_phone= \u00bbon \u00bb][et_pb_row _builder_version= \u00bb4.24.0\u2033 background_color= \u00bbrgba(0,0,0,0.6) \u00bb width= \u00bb100% \u00bb max_width= \u00bb100% \u00bb global_colors_info= \u00bb{} \u00bb][et_pb_column type= \u00bb4_4\u2033 _builder_version= \u00bb4.16\u2033 global_colors_info= \u00bb{} \u00bb][et_pb_text _builder_version= \u00bb4.27.5\u2033 text_font= \u00bb|||||||| \u00bb text_font_size= \u00bb16px \u00bb text_line_height= \u00bb1.8em \u00bb header_font= \u00bb|||||||| \u00bb header_2_font= \u00bbAmatic SC|700||||||| \u00bb header_2_text_color= \u00bb#FFFFFF \u00bb header_2_font_size= \u00bb80px \u00bb header_2_line_height= \u00bb1.2em \u00bb header_3_font= \u00bbAmatic SC|700||||||| \u00bb header_3_text_color= \u00bb#ee6a5b \u00bb header_3_font_size= \u00bb80px \u00bb header_3_line_height= \u00bb1.2em \u00bb custom_margin= \u00bb178px||||false|false \u00bb custom_margin_tablet= \u00bb178px||||false|false \u00bb custom_margin_phone= \u00bb140px|30px||30px|false|true \u00bb custom_margin_last_edited= \u00bbon|phone \u00bb header_2_font_size_tablet= \u00bb60px \u00bb header_2_font_size_phone= \u00bb56px \u00bb header_2_font_size_last_edited= \u00bbon|phone \u00bb header_3_font_size_tablet= \u00bb60px \u00bb header_3_font_size_phone= \u00bb32px \u00bb header_3_font_size_last_edited= \u00bbon|phone \u00bb locked= \u00bboff \u00bb global_colors_info=&quot;{}&quot;]<\/p>\n<h2 style=\"text-align: center;\">Meine Fotogalerie<\/h2>\n<p>[\/et_pb_text][\/et_pb_column][\/et_pb_row][et_pb_row _builder_version= \u00bb4.24.0\u2033 _module_preset= \u00bbdefault \u00bb background_color= \u00bbrgba(0,0,0,0.6) \u00bb width= \u00bb100% \u00bb max_width= \u00bb100% \u00bb global_colors_info= \u00bb{} \u00bb][et_pb_column type= \u00bb4_4\u2033 _builder_version= \u00bb4.16\u2033 _module_preset= \u00bbdefault \u00bb global_colors_info= \u00bb{} \u00bb][\/et_pb_column][\/et_pb_row][\/et_pb_section][et_pb_section fb_built= \u00bb1\u2033 custom_padding_last_edited= \u00bbon|phone \u00bb _builder_version= \u00bb4.25.0\u2033 _module_preset= \u00bbdefault \u00bb background_color= \u00bb#EFEBDC \u00bb background_enable_image= \u00bboff \u00bb background_size= \u00bbinitial \u00bb background_position= \u00bbbottom_center \u00bb custom_margin_tablet= \u00bb \u00bb custom_margin_phone= \u00bb0px||||false|false \u00bb custom_margin_last_edited= \u00bbon|phone \u00bb custom_padding_tablet= \u00bb \u00bb custom_padding_phone= \u00bb0px||||false|false \u00bb global_colors_info= \u00bb{} \u00bb][et_pb_row _builder_version= \u00bb4.25.0\u2033 _module_preset= \u00bbdefault \u00bb background_enable_image= \u00bboff \u00bb background_size= \u00bbinitial \u00bb background_position= \u00bbtop_center \u00bb width= \u00bb75% \u00bb width_tablet= \u00bb85% \u00bb width_phone= \u00bb85% \u00bb width_last_edited= \u00bbon|tablet \u00bb max_width= \u00bb1920px \u00bb global_colors_info= \u00bb{} \u00bb][et_pb_column type= \u00bb4_4\u2033 _builder_version= \u00bb4.24.0\u2033 _module_preset= \u00bbdefault \u00bb global_colors_info= \u00bb{} \u00bb][et_pb_text _builder_version= \u00bb4.27.5\u2033 _module_preset= \u00bbdefault \u00bb header_2_font= \u00bbAmatic SC|700||||||| \u00bb header_2_text_align= \u00bbcenter \u00bb header_2_font_size= \u00bb82px \u00bb custom_margin= \u00bb30px||||false|false \u00bb header_2_font_size_tablet= \u00bb82px \u00bb header_2_font_size_phone= \u00bb56px \u00bb header_2_font_size_last_edited= \u00bbon|phone \u00bb global_colors_info= \u00bb{} \u00bb]<\/p>\n<h2>Folgt mir auf Instagram\u2026<\/h2>\n<p>[\/et_pb_text][et_pb_code _builder_version= \u00bb4.27.5\u2033 _module_preset= \u00bbdefault \u00bb global_colors_info= \u00bb{} \u00bb]<!-- Elfsight Instagram Feed | Untitled Instagram Feed 2 --><!-- [et_pb_line_break_holder] --><script src=\"https:\/\/elfsightcdn.com\/platform.js\" async><\/script><!-- [et_pb_line_break_holder] --><\/p>\n<div class=\"elfsight-app-b6cb356d-5bfb-4f24-869a-6f0397edf0f8\" data-elfsight-app-lazy><\/div>\n<p>[\/et_pb_code][\/et_pb_column][\/et_pb_row][et_pb_row _builder_version= \u00bb4.25.0\u2033 _module_preset= \u00bbdefault \u00bb background_enable_image= \u00bboff \u00bb background_size= \u00bbinitial \u00bb background_position= \u00bbtop_center \u00bb width= \u00bb75% \u00bb width_tablet= \u00bb85% \u00bb width_phone= \u00bb85% \u00bb width_last_edited= \u00bbon|tablet \u00bb max_width= \u00bb1920px \u00bb global_colors_info= \u00bb{} \u00bb][et_pb_column type= \u00bb4_4\u2033 _builder_version= \u00bb4.24.0\u2033 _module_preset= \u00bbdefault \u00bb global_colors_info= \u00bb{} \u00bb][et_pb_text _builder_version= \u00bb4.27.5\u2033 _module_preset= \u00bbdefault \u00bb header_2_font= \u00bbAmatic SC|700||||||| \u00bb header_2_text_align= \u00bbcenter \u00bb header_2_font_size= \u00bb82px \u00bb custom_margin= \u00bb30px||||false|false \u00bb header_2_font_size_tablet= \u00bb82px \u00bb header_2_font_size_phone= \u00bb56px \u00bb header_2_font_size_last_edited= \u00bbon|phone \u00bb global_colors_info= \u00bb{} \u00bb]<\/p>\n<h2>Meine Favoriten<\/h2>\n<p>[\/et_pb_text][difl_cptgrid post_type= \u00bbproject \u00bb posts_number= \u00bb3\u2033 post_display= \u00bbby_tax \u00bb tax_for_project= \u00bbproject_category \u00bb project_terms_project_category= \u00bb13\u2033 gutter= \u00bb40\u2033 item_background_bgcolor= \u00bbrgba(255,255,255,0.74) \u00bb item_wrapper_padding= \u00bb||||false|true \u00bb item_padding= \u00bb20px|20px|25px|20px|false|true \u00bb column_tablet= \u00bb2\u2033 column_phone= \u00bb1\u2033 column_last_edited= \u00bbon|tablet \u00bb _builder_version= \u00bb4.25.0\u2033 _module_preset= \u00bbdefault \u00bb background_color= \u00bbRGBA(255,255,255,0) \u00bb border_radii_item_outer= \u00bbon|20px|20px|20px|20px \u00bb border_width_all_item_outer= \u00bb2px \u00bb border_color_all_item_outer= \u00bb#588C7F \u00bb box_shadow_style_item_outer= \u00bbpreset4\u2033 box_shadow_horizontal_item_outer= \u00bb8px \u00bb box_shadow_vertical_item_outer= \u00bb8px \u00bb box_shadow_color_item_outer= \u00bb#588C7F \u00bb global_colors_info= \u00bb{} \u00bb][difl_cptitem type= \u00bbimage \u00bb _builder_version= \u00bb4.24.2\u2033 _module_preset= \u00bbdefault \u00bb border_radii= \u00bbon|20px|20px|20px|20px \u00bb border_width_all= \u00bb2px \u00bb border_color_all= \u00bb#588C7F \u00bb global_colors_info= \u00bb{} \u00bb][\/difl_cptitem][difl_cptitem type= \u00bbtitle \u00bb element_margin= \u00bb||26px||false|false \u00bb _builder_version= \u00bb4.24.2\u2033 _module_preset= \u00bbdefault \u00bb body_font= \u00bbPoppins|600||||||| \u00bb body_text_color= \u00bbrgba(0,0,0,0.83) \u00bb body_font_size= \u00bb25px \u00bb body_line_height= \u00bb1.3em \u00bb text_orientation= \u00bbleft \u00bb global_colors_info= \u00bb{} \u00bb][\/difl_cptitem][difl_cptitem type= \u00bbacf_fields \u00bb post_type_for_acf= \u00bbproject \u00bb project= \u00bbdate \u00bb meta_display= \u00bbblock \u00bb element_margin= \u00bb|10px|||false|false \u00bb element_padding= \u00bb5px|15px|5px|15px|true|true \u00bb _builder_version= \u00bb4.25.0\u2033 _module_preset= \u00bbdefault \u00bb body_font= \u00bbAmatic SC|700||||||| \u00bb body_text_align= \u00bbcenter \u00bb body_text_color= \u00bb#588C7F \u00bb body_font_size= \u00bb40px \u00bb background_color= \u00bbRGBA(255,255,255,0) \u00bb background_enable_color= \u00bbon \u00bb border_radii= \u00bbon|25px|25px|25px|25px \u00bb global_colors_info= \u00bb{} \u00bb][\/difl_cptitem][\/difl_cptgrid][et_pb_text _builder_version= \u00bb4.27.5\u2033 _module_preset= \u00bbdefault \u00bb header_2_font= \u00bbAmatic SC|700||||||| \u00bb header_2_text_align= \u00bbcenter \u00bb header_2_font_size= \u00bb82px \u00bb custom_margin= \u00bb150px||||false|false \u00bb header_2_font_size_tablet= \u00bb82px \u00bb header_2_font_size_phone= \u00bb56px \u00bb header_2_font_size_last_edited= \u00bbon|phone \u00bb global_colors_info= \u00bb{} \u00bb]<\/p>\n<h2>Archiv<\/h2>\n<p>[\/et_pb_text][difl_cptgrid post_type= \u00bbproject \u00bb gutter= \u00bb40\u2033 item_background_bgcolor= \u00bbrgba(255,255,255,0.74) \u00bb item_wrapper_padding= \u00bb||||false|true \u00bb item_padding= \u00bb20px|20px|25px|20px|false|true \u00bb column_tablet= \u00bb2\u2033 column_phone= \u00bb1\u2033 column_last_edited= \u00bbon|tablet \u00bb admin_label= \u00bbCPT Grid \u00bb _builder_version= \u00bb4.25.0\u2033 _module_preset= \u00bbdefault \u00bb background_color= \u00bbRGBA(255,255,255,0) \u00bb border_radii_item_outer= \u00bbon|20px|20px|20px|20px \u00bb border_width_all_item_outer= \u00bb2px \u00bb border_color_all_item_outer= \u00bb#588C7F \u00bb box_shadow_style_item_outer= \u00bbpreset4\u2033 box_shadow_horizontal_item_outer= \u00bb8px \u00bb box_shadow_vertical_item_outer= \u00bb8px \u00bb box_shadow_color_item_outer= \u00bb#588C7F \u00bb global_colors_info= \u00bb{} \u00bb][difl_cptitem type= \u00bbimage \u00bb _builder_version= \u00bb4.24.2\u2033 _module_preset= \u00bbdefault \u00bb border_radii= \u00bbon|20px|20px|20px|20px \u00bb border_width_all= \u00bb2px \u00bb border_color_all= \u00bb#588C7F \u00bb global_colors_info= \u00bb{} \u00bb][\/difl_cptitem][difl_cptitem type= \u00bbtitle \u00bb element_margin= \u00bb||26px||false|false \u00bb _builder_version= \u00bb4.24.2\u2033 _module_preset= \u00bbdefault \u00bb body_font= \u00bbPoppins|600||||||| \u00bb body_text_color= \u00bbrgba(0,0,0,0.83) \u00bb body_font_size= \u00bb25px \u00bb body_line_height= \u00bb1.3em \u00bb text_orientation= \u00bbleft \u00bb global_colors_info= \u00bb{} \u00bb][\/difl_cptitem][difl_cptitem type= \u00bbacf_fields \u00bb post_type_for_acf= \u00bbproject \u00bb project= \u00bbdate \u00bb meta_display= \u00bbblock \u00bb element_margin= \u00bb|10px|||false|false \u00bb element_padding= \u00bb5px|15px|5px|15px|true|true \u00bb _builder_version= \u00bb4.25.0\u2033 _module_preset= \u00bbdefault \u00bb body_font= \u00bbAmatic SC|700||||||| \u00bb body_text_align= \u00bbcenter \u00bb body_text_color= \u00bb#588C7F \u00bb body_font_size= \u00bb40px \u00bb background_color= \u00bbRGBA(255,255,255,0) \u00bb background_enable_color= \u00bbon \u00bb border_radii= \u00bbon|25px|25px|25px|25px \u00bb global_colors_info= \u00bb{} \u00bb][\/difl_cptitem][\/difl_cptgrid][\/et_pb_column][\/et_pb_row][\/et_pb_section][et_pb_section fb_built= \u00bb1\u2033 _builder_version= \u00bb4.27.5\u2033 _module_preset= \u00bbdefault \u00bb background_image= \u00bbhttp:\/\/marmotzet.ch\/wp-content\/uploads\/2024\/02\/IMG-20230205-WA0018.jpg \u00bb background_position= \u00bbtop_center \u00bb hover_enabled= \u00bb0\u2033 box_shadow_style= \u00bbpreset1\u2033 global_colors_info= \u00bb{} \u00bb sticky_enabled= \u00bb0\u2033][et_pb_row custom_padding_last_edited= \u00bbon|desktop \u00bb _builder_version= \u00bb4.25.0\u2033 background_color= \u00bb#efebdc \u00bb width= \u00bb70% \u00bb width_tablet= \u00bb95% \u00bb width_phone= \u00bb \u00bb width_last_edited= \u00bbon|desktop \u00bb max_width= \u00bbnone \u00bb module_alignment= \u00bbcenter \u00bb overflow-x= \u00bbvisible \u00bb overflow-y= \u00bbvisible \u00bb custom_margin= \u00bb80px||80px||false|false \u00bb custom_padding= \u00bb60px|7vw|4vw|7vw|false|false \u00bb custom_padding_tablet= \u00bb|40px|8vw||false|false \u00bb custom_padding_phone= \u00bb \u00bb scroll_scaling_enable= \u00bbon \u00bb scroll_scaling= \u00bb0|50|50|100|90%|120%|90% \u00bb border_radii= \u00bbon|200px|200px|200px|200px \u00bb border_radii_tablet= \u00bb|0px||| \u00bb border_radii_phone= \u00bb \u00bb border_radii_last_edited= \u00bbon|tablet \u00bb box_shadow_style= \u00bbpreset1\u2033 global_colors_info= \u00bb{} \u00bb admin_label= \u00bbLine \u00bb][et_pb_column type= \u00bb4_4\u2033 _builder_version= \u00bb4.16\u2033 global_colors_info= \u00bb{} \u00bb admin_label= \u00bbColumn \u00bb][et_pb_text _builder_version= \u00bb4.27.5\u2033 text_font= \u00bbPoppins|300||||||| \u00bb text_font_size= \u00bb16px \u00bb text_line_height= \u00bb1.8em \u00bb header_font= \u00bb|||||||| \u00bb header_2_font= \u00bbAmatic SC|700||||||| \u00bb header_2_font_size= \u00bb60px \u00bb header_2_line_height= \u00bb1.2em \u00bb text_orientation= \u00bbcenter \u00bb width= \u00bb75% \u00bb width_tablet= \u00bb75% \u00bb width_phone= \u00bb100% \u00bb width_last_edited= \u00bbon|phone \u00bb module_alignment= \u00bbcenter \u00bb hover_enabled= \u00bb0\u2033 header_2_font_size_tablet= \u00bb60px \u00bb header_2_font_size_phone= \u00bb38px \u00bb header_2_font_size_last_edited= \u00bbon|phone \u00bb locked= \u00bboff \u00bb global_colors_info= \u00bb{} \u00bb sticky_enabled= \u00bb0\u2033]<\/p>\n<h2>Lust auf ein ma\u00dfgeschneidertes Abenteuer unter professioneller F\u00fchrung?<\/h2>\n<p><span>Als Wanderf\u00fchrer seit 2023 gestalte ich f\u00fcr Sie einzigartige Erlebnisse, die auf Ihre W\u00fcnsche und Ihr Tempo zugeschnitten sind.<\/span><br \/><span>Lasst uns gemeinsam aufbrechen, um ein St\u00fcck authentischer Schweiz zu entdecken und einen unvergesslichen Moment zu erleben.<\/span><\/p>\n<p>[\/et_pb_text][et_pb_button button_url= \u00bb@ET-DC@eyJkeW5hbWljIjp0cnVlLCJjb250ZW50IjoicG9zdF9saW5rX3VybF9wYWdlIiwic2V0dGluZ3MiOnsicG9zdF9pZCI6IjE4In19@ \u00bb button_text= \u00bbLos geht&#039;s! \ud83d\ude0d \u00bb button_alignment= \u00bbzentriert \u00bb _builder_version= \u00bb4.25.0\u2033 _dynamic_attributes= \u00bbbutton_url \u00bb custom_button= \u00bban \u00bb button_text_size= \u00bb18px \u00bb button_text_color= \u00bb#FFFFFF \u00bb button_bg_color= \u00bb#588C7F \u00bb button_border_color= \u00bbrgba(0,0,0,0) \u00bb button_border_radius= \u00bb50px \u00bb button_font= \u00bb|700||||||| \u00bb button_icon= \u00bb$||divi||400\u2033 background_layout= \u00bbdunkel \u00bb custom_padding= \u00bb15px|40px|15px|40px|true|true \u00bb button_text_size_tablet= \u00bb18px \u00bb button_text_size_phone= \u00bb14px \u00bb button_text_size_last_edited= \u00bbauf|Telefon \u00bb global_colors_info= \u00bb{} \u00bb][\/et_pb_button][\/et_pb_column][\/et_pb_row][\/et_pb_section]<\/p>","protected":false},"excerpt":{"rendered":"<p>Meine Fotogalerie. Folgt mir auf Instagram\u2026 Meine Favoriten<div class=\"et_pb_with_border et_pb_module difl_cptgrid difl_cptgrid_0\">\n\t\t\t\t\n\t\t\t\t\n\t\t\t\t\n\t\t\t\t\n\t\t\t\t\n\t\t\t\t\n\t\t\t\t<div class=\"et_pb_module_inner\">\n\t\t\t\t\t<div class=\"df_cptgrid_container et_pb_ajax_pagination_container\" data-settings='{\"layout\":\"grid\",\"on_scroll_load\":\"off\",\"use_current_loop\":\"off\",\"post_type\":\"project\",\"posts_number\":\"3\",\"post_display\":\"by_tax\",\"orderby\":\"1\",\"offset_number\":\"0\",\"use_image_as_background\":\"off\",\"use_background_scale\":\"off\",\"equal_height\":\"off\",\"entire_item_clickable\":\"off\",\"taxonomy_values\":null,\"selected_terms\":\"13\",\"selected_taxonomy\":\"project_category\",\"df_cpt_items\":null,\"df_cpt_items_outside\":null,\"loader\":{\"status\":\"off\",\"color\":\"#284cc1\",\"size\":\"10px\",\"type\":\"classic\",\"background\":\"#ADD8E6\",\"alignment\":\"center\",\"margin\":[\"\"]}}'><\/div>\n\t\t\t\t<\/div>\n\t\t\t<\/div><div class=\"et_pb_with_border et_pb_module difl_cptitem difl_cptitem_0\">\n\t\t\t\t\n\t\t\t\t\n\t\t\t\t\n\t\t\t\t\n\t\t\t\t\n\t\t\t\t\n\t\t\t\t<div class=\"et_pb_module_inner\">\n\t\t\t\t\t\n\t\t\t\t<\/div>\n\t\t\t<\/div><div class=\"et_pb_module difl_cptitem difl_cptitem_1\">\n\t\t\t\t\n\t\t\t\t\n\t\t\t\t\n\t\t\t\t\n\t\t\t\t\n\t\t\t\t\n\t\t\t\t<div class=\"et_pb_module_inner\">\n\t\t\t\t\t\n\t\t\t\t<\/div>\n\t\t\t<\/div><div class=\"et_pb_module difl_cptitem difl_cptitem_2\">\n\t\t\t\t\n\t\t\t\t\n\t\t\t\t\n\t\t\t\t\n\t\t\t\t\n\t\t\t\t\n\t\t\t\t<div class=\"et_pb_module_inner\">\n\t\t\t\t\t\n\t\t\t\t<\/div>\n\t\t\t<\/div><\/p>","protected":false},"author":1,"featured_media":0,"parent":0,"menu_order":0,"comment_status":"closed","ping_status":"closed","template":"","meta":{"_acf_changed":false,"_et_pb_use_builder":"on","_et_pb_old_content":"","_et_gb_content_width":"","footnotes":""},"difl_page_category":[],"class_list":["post-14","page","type-page","status-publish","hentry"],"acf":[],"_links":{"self":[{"href":"https:\/\/marmotzet.ch\/de\/wp-json\/wp\/v2\/pages\/14","targetHints":{"allow":["GET"]}}],"collection":[{"href":"https:\/\/marmotzet.ch\/de\/wp-json\/wp\/v2\/pages"}],"about":[{"href":"https:\/\/marmotzet.ch\/de\/wp-json\/wp\/v2\/types\/page"}],"author":[{"embeddable":true,"href":"https:\/\/marmotzet.ch\/de\/wp-json\/wp\/v2\/users\/1"}],"replies":[{"embeddable":true,"href":"https:\/\/marmotzet.ch\/de\/wp-json\/wp\/v2\/comments?post=14"}],"version-history":[{"count":44,"href":"https:\/\/marmotzet.ch\/de\/wp-json\/wp\/v2\/pages\/14\/revisions"}],"predecessor-version":[{"id":1664,"href":"https:\/\/marmotzet.ch\/de\/wp-json\/wp\/v2\/pages\/14\/revisions\/1664"}],"wp:attachment":[{"href":"https:\/\/marmotzet.ch\/de\/wp-json\/wp\/v2\/media?parent=14"}],"wp:term":[{"taxonomy":"difl_page_category","embeddable":true,"href":"https:\/\/marmotzet.ch\/de\/wp-json\/wp\/v2\/difl_page_category?post=14"}],"curies":[{"name":"wp","href":"https:\/\/api.w.org\/{rel}","templated":true}]}}